{"id":326,"date":"2020-01-26T23:08:45","date_gmt":"2020-01-26T22:08:45","guid":{"rendered":"http:\/\/kunstwerke-der-natur.de\/?page_id=326"},"modified":"2022-01-08T20:45:37","modified_gmt":"2022-01-08T19:45:37","slug":"kontakt-2","status":"publish","type":"page","link":"https:\/\/www.kunstwerke-der-natur.de\/?page_id=326","title":{"rendered":"Kontakt"},"content":{"rendered":"\n<div class=\"wp-block-media-text alignwide has-media-on-the-right is-stacked-on-mobile is-vertically-aligned-center\" style=\"grid-template-columns:auto 33%\"><figure class=\"wp-block-media-text__media\"><img decoding=\"async\" loading=\"lazy\" width=\"1920\" height=\"2560\" src=\"http:\/\/kunstwerke-der-natur.de\/wp-content\/uploads\/2020\/01\/IMG_6620-scaled.jpg\" alt=\"\" class=\"wp-image-298 size-full\"\/><\/figure><div class=\"wp-block-media-text__content\">\n<p>Das Sammeln und Bearbeiten von Kunstwerken der Natur betreibe ich nicht gewerbsm\u00e4\u00dfig, sondern als reines Hobby.&nbsp;<\/p>\n\n\n\n<p>Gleichwohl w\u00fcrde ich mich von dem einen oder anderen guten St\u00fcck trennen und mich bei Interesse \u00fcber eine Kontaktaufnahme freuen.<\/p>\n\n\n\n<p><a rel=\"noreferrer noopener\" href=\"mailto:helmut@stadtfeld.net\" target=\"_blank\">Helmut Stadtfeld<\/a>   <\/p>\n<\/div><\/div>\n\n\n\n<p><\/p>\n\n\n\n<p><\/p>\n","protected":false},"excerpt":{"rendered":"<p>Das Sammeln und Bearbeiten von Kunstwerken der Natur betreibe ich nicht gewerbsm\u00e4\u00dfig, sondern als reines Hobby.&nbsp; Gleichwohl w\u00fcrde ich mich von dem einen oder anderen guten St\u00fcck trennen und mich bei Interesse \u00fcber eine Kontaktaufnahme freuen. Helmut Stadtfeld<\/p>\n","protected":false},"author":1,"featured_media":0,"parent":0,"menu_order":0,"comment_status":"closed","ping_status":"closed","template":"","meta":{"ngg_post_thumbnail":0},"_links":{"self":[{"href":"https:\/\/www.kunstwerke-der-natur.de\/index.php?rest_route=\/wp\/v2\/pages\/326"}],"collection":[{"href":"https:\/\/www.kunstwerke-der-natur.de\/index.php?rest_route=\/wp\/v2\/pages"}],"about":[{"href":"https:\/\/www.kunstwerke-der-natur.de\/index.php?rest_route=\/wp\/v2\/types\/page"}],"author":[{"embeddable":true,"href":"https:\/\/www.kunstwerke-der-natur.de\/index.php?rest_route=\/wp\/v2\/users\/1"}],"replies":[{"embeddable":true,"href":"https:\/\/www.kunstwerke-der-natur.de\/index.php?rest_route=%2Fwp%2Fv2%2Fcomments&post=326"}],"version-history":[{"count":18,"href":"https:\/\/www.kunstwerke-der-natur.de\/index.php?rest_route=\/wp\/v2\/pages\/326\/revisions"}],"predecessor-version":[{"id":862,"href":"https:\/\/www.kunstwerke-der-natur.de\/index.php?rest_route=\/wp\/v2\/pages\/326\/revisions\/862"}],"wp:attachment":[{"href":"https:\/\/www.kunstwerke-der-natur.de\/index.php?rest_route=%2Fwp%2Fv2%2Fmedia&parent=326"}],"curies":[{"name":"wp","href":"https:\/\/api.w.org\/{rel}","templated":true}]}}