{"id":346,"date":"2020-01-26T22:34:08","date_gmt":"2020-01-26T21:34:08","guid":{"rendered":"http:\/\/kunstwerke-der-natur.de\/?page_id=346"},"modified":"2020-01-29T16:14:23","modified_gmt":"2020-01-29T15:14:23","slug":"impressum","status":"publish","type":"page","link":"https:\/\/www.kunstwerke-der-natur.de\/?page_id=346","title":{"rendered":"Impressum"},"content":{"rendered":"\n<p><strong>Inhaltlich verantwortlich:<br><\/strong> <strong><a rel=\"noreferrer noopener\" aria-label=\"Helmut Stadtfeld (opens in a new tab)\" href=\"mailto:helmut@stadtfeld.net\" target=\"_blank\">Helmut Stadtfeld<\/a><\/strong><br> 56412 Gackenbach<\/p>\n\n\n\n<p><\/p>\n\n\n\n<p><strong>Webmaster:<\/strong><br><a rel=\"noreferrer noopener\" aria-label=\"Christiane Stadtfeld (opens in a new tab)\" href=\"mailto:christiane@stadtfeld.net\" target=\"_blank\"><strong>Christiane Stadtfeld<\/strong><\/a><\/p>\n\n\n\n<p><\/p>\n\n\n\n<p><strong>Fotos:<\/strong><br>Helmut &amp; Christiane Stadtfeld<\/p>\n\n\n\n<p><br><\/p>\n\n\n\n<p><strong>Haftungshinweis<\/strong><br>Trotz sorgf\u00e4ltiger Kontrolle und Aktualisierung k\u00f6nnen wir leider keine Gew\u00e4hr f\u00fcr die Richtigkeit oder Vollst\u00e4ndigkeit der hier bereitgestellten Informationen geben. <\/p>\n\n\n\n<p><strong>Urheberrechte und Markenschutz<\/strong><br>Das Bild- und Grafikmaterial sowie alle Texte sind urheberrechtlich gesch\u00fctzt und d\u00fcrfen von Dritten nur mit Genehmigung weiter verwendet werden. <\/p>\n\n\n\n<p><strong>Datenschutz<\/strong><br>Seit dem&nbsp;25. Mai 2018&nbsp;ist die Datenschutz-Grundverordnung der Europ\u00e4ischen Union (<a href=\"https:\/\/dsgvo-gesetz.de\/\" target=\"_blank\" rel=\"noreferrer noopener\">https:\/\/dsgvo-gesetz.de<\/a>) anzuwenden.<br>Diese hat u.a. zum Ziel, Ihr Recht auf informationelle Selbstbestimmung (Datenschutz) als B\u00fcrgerin oder B\u00fcrger in der Europ\u00e4ischen Union zu konkretisieren und praktisch umzusetzen. Ihr verfassungsrechtlich gesch\u00fctztes Recht auf informationelle Selbstbestimmung beinhaltet auch die Befugnis, selbst dar\u00fcber entscheiden zu d\u00fcrfen, mit wem Sie in Kontakt treten, Wissen und Erfahrungen austauschen und wer Ihre pers\u00f6nlichen Daten nutzen darf.<\/p>\n\n\n\n<p>Bei der Nutzung dieser Internetseite werden keine pers\u00f6nlichen Daten erfasst. Eine Datenspeicherung oder -weitergabe von personenbezogenen Daten ist ausgeschlossen. Statistik der Homepage-Nutzung: Bei jedem Zugriff auf dieses Internetangebot werden anonyme Daten \u00fcber diesen Vorgang in einer Protokolldatei gespeichert. Diese anonymen Daten dienen der statistischen Auswertung und technischen Verbesserung der Homepage.<\/p>\n","protected":false},"excerpt":{"rendered":"<p>Inhaltlich verantwortlich: Helmut Stadtfeld 56412 Gackenbach Webmaster:Christiane Stadtfeld Fotos:Helmut &amp; Christiane Stadtfeld HaftungshinweisTrotz sorgf\u00e4ltiger Kontrolle und Aktualisierung k\u00f6nnen wir leider keine Gew\u00e4hr f\u00fcr die Richtigkeit oder Vollst\u00e4ndigkeit der hier bereitgestellten Informationen geben. Urheberrechte und MarkenschutzDas Bild- und Grafikmaterial sowie alle Texte sind urheberrechtlich gesch\u00fctzt und d\u00fcrfen von Dritten nur mit Genehmigung weiter verwendet werden. DatenschutzSeit [&hellip;]<\/p>\n","protected":false},"author":1,"featured_media":0,"parent":0,"menu_order":0,"comment_status":"closed","ping_status":"closed","template":"","meta":{"ngg_post_thumbnail":0},"_links":{"self":[{"href":"https:\/\/www.kunstwerke-der-natur.de\/index.php?rest_route=\/wp\/v2\/pages\/346"}],"collection":[{"href":"https:\/\/www.kunstwerke-der-natur.de\/index.php?rest_route=\/wp\/v2\/pages"}],"about":[{"href":"https:\/\/www.kunstwerke-der-natur.de\/index.php?rest_route=\/wp\/v2\/types\/page"}],"author":[{"embeddable":true,"href":"https:\/\/www.kunstwerke-der-natur.de\/index.php?rest_route=\/wp\/v2\/users\/1"}],"replies":[{"embeddable":true,"href":"https:\/\/www.kunstwerke-der-natur.de\/index.php?rest_route=%2Fwp%2Fv2%2Fcomments&post=346"}],"version-history":[{"count":9,"href":"https:\/\/www.kunstwerke-der-natur.de\/index.php?rest_route=\/wp\/v2\/pages\/346\/revisions"}],"predecessor-version":[{"id":462,"href":"https:\/\/www.kunstwerke-der-natur.de\/index.php?rest_route=\/wp\/v2\/pages\/346\/revisions\/462"}],"wp:attachment":[{"href":"https:\/\/www.kunstwerke-der-natur.de\/index.php?rest_route=%2Fwp%2Fv2%2Fmedia&parent=346"}],"curies":[{"name":"wp","href":"https:\/\/api.w.org\/{rel}","templated":true}]}}