{"id":4,"date":"2020-01-23T10:05:07","date_gmt":"2020-01-23T10:05:07","guid":{"rendered":"http:\/\/kunstwerke-der-natur.de\/willkommen-auf-http-kunstwerke-der-natur-de"},"modified":"2023-07-25T08:08:08","modified_gmt":"2023-07-25T07:08:08","slug":"willkommen-auf-http-kunstwerke-der-natur-de","status":"publish","type":"page","link":"https:\/\/www.kunstwerke-der-natur.de\/","title":{"rendered":"Kunstwerke der Natur"},"content":{"rendered":"\n<p class=\"has-medium-font-size\"><strong>entdeckt und bearbeitet von Helmut Stadtfeld&nbsp;&nbsp;&nbsp;<\/strong>&nbsp;&nbsp;<\/p>\n\n\n\n<p><strong>Mehr von mir bei <a href=\"https:\/\/www.instagram.com\/helmut.stadtfeld\/?hl=de\" target=\"_blank\" rel=\"noopener\">Instagram<\/a> und <a href=\"https:\/\/www.facebook.com\/helmut.statfeld\" target=\"_blank\" rel=\"noopener\">Facebook<\/a><\/strong><\/p>\n\n\n\n<figure class=\"wp-block-image size-large\"><img decoding=\"async\" loading=\"lazy\" width=\"1024\" height=\"1024\" src=\"http:\/\/www.kunstwerke-der-natur.de\/wp-content\/uploads\/2021\/04\/IMG_9261-1024x1024.jpeg\" alt=\"\" class=\"wp-image-634\" srcset=\"https:\/\/www.kunstwerke-der-natur.de\/wp-content\/uploads\/2021\/04\/IMG_9261-1024x1024.jpeg 1024w, https:\/\/www.kunstwerke-der-natur.de\/wp-content\/uploads\/2021\/04\/IMG_9261-300x300.jpeg 300w, https:\/\/www.kunstwerke-der-natur.de\/wp-content\/uploads\/2021\/04\/IMG_9261-150x150.jpeg 150w, https:\/\/www.kunstwerke-der-natur.de\/wp-content\/uploads\/2021\/04\/IMG_9261-768x768.jpeg 768w, https:\/\/www.kunstwerke-der-natur.de\/wp-content\/uploads\/2021\/04\/IMG_9261-1536x1536.jpeg 1536w, https:\/\/www.kunstwerke-der-natur.de\/wp-content\/uploads\/2021\/04\/IMG_9261-2048x2048.jpeg 2048w, https:\/\/www.kunstwerke-der-natur.de\/wp-content\/uploads\/2021\/04\/IMG_9261-1568x1567.jpeg 1568w\" sizes=\"(max-width: 1024px) 100vw, 1024px\" \/><\/figure>\n\n\n\n<p>Kunst im engeren Sinne ist das Produkt menschlicher Kreativit\u00e4t.&nbsp;<br>Wenngleich ich Kunstwerke aus Menschenhand durchaus zu sch\u00e4tzen wei\u00df, so ist doch die Natur in all ihren Facetten f\u00fcr mich die Gr\u00f6\u00dfte unter allen Kunstschaffenden. Ich bin oft und bei jedem Wetter drau\u00dfen und genie\u00dfe die vielf\u00e4ltigen Eindr\u00fccke, die sich mir dort bieten.&nbsp;<br>Manche Kunstwerke der Natur erfreuen Auge und Gem\u00fct, sind aber verg\u00e4nglich. Ein Vogelschwarm im Formationsflug ist mitunter in wenigen Augenblicken pass\u00e9, der herbstlich gef\u00e4rbte Wald bleibt uns immerhin f\u00fcr ein paar Wochen erhalten.&nbsp;<br>Zum Gl\u00fcck haben wir die M\u00f6glichkeit, zeitlich befristete Sch\u00f6nheit mit der Kamera zu \u201everewigen\u201c. Hier einige Beispiele aus meiner Fotosammlung:<\/p>\n\n\n\n<figure class=\"wp-block-image size-large\"><img decoding=\"async\" loading=\"lazy\" width=\"1024\" height=\"1024\" src=\"http:\/\/www.kunstwerke-der-natur.de\/wp-content\/uploads\/2022\/01\/regenschauer_ueber_dem_gelbachtal-1024x1024.jpg\" alt=\"\" class=\"wp-image-877\" srcset=\"https:\/\/www.kunstwerke-der-natur.de\/wp-content\/uploads\/2022\/01\/regenschauer_ueber_dem_gelbachtal-1024x1024.jpg 1024w, https:\/\/www.kunstwerke-der-natur.de\/wp-content\/uploads\/2022\/01\/regenschauer_ueber_dem_gelbachtal-300x300.jpg 300w, https:\/\/www.kunstwerke-der-natur.de\/wp-content\/uploads\/2022\/01\/regenschauer_ueber_dem_gelbachtal-150x150.jpg 150w, https:\/\/www.kunstwerke-der-natur.de\/wp-content\/uploads\/2022\/01\/regenschauer_ueber_dem_gelbachtal-768x768.jpg 768w, https:\/\/www.kunstwerke-der-natur.de\/wp-content\/uploads\/2022\/01\/regenschauer_ueber_dem_gelbachtal-1536x1536.jpg 1536w, https:\/\/www.kunstwerke-der-natur.de\/wp-content\/uploads\/2022\/01\/regenschauer_ueber_dem_gelbachtal-2048x2048.jpg 2048w, https:\/\/www.kunstwerke-der-natur.de\/wp-content\/uploads\/2022\/01\/regenschauer_ueber_dem_gelbachtal-1568x1568.jpg 1568w\" sizes=\"(max-width: 1024px) 100vw, 1024px\" \/><figcaption class=\"wp-element-caption\">Regenschauer \u00fcber dem Gelbachtal<\/figcaption><\/figure>\n\n\n\n<div class=\"is-layout-constrained wp-block-group\"><div class=\"wp-block-group__inner-container\">\n<div class=\"is-layout-flex wp-container-4 wp-block-columns\">\n<div class=\"is-layout-flow wp-block-column\" style=\"flex-basis:33.34%\">\n<figure class=\"wp-block-image size-large\"><a href=\"http:\/\/www.kunstwerke-der-natur.de\/wp-content\/uploads\/2022\/01\/schwan_im_-morgengrauen-scaled.jpg\"><img decoding=\"async\" loading=\"lazy\" width=\"1024\" height=\"1024\" src=\"http:\/\/www.kunstwerke-der-natur.de\/wp-content\/uploads\/2022\/01\/schwan_im_-morgengrauen-1024x1024.jpg\" alt=\"\" class=\"wp-image-878\" srcset=\"https:\/\/www.kunstwerke-der-natur.de\/wp-content\/uploads\/2022\/01\/schwan_im_-morgengrauen-1024x1024.jpg 1024w, https:\/\/www.kunstwerke-der-natur.de\/wp-content\/uploads\/2022\/01\/schwan_im_-morgengrauen-300x300.jpg 300w, https:\/\/www.kunstwerke-der-natur.de\/wp-content\/uploads\/2022\/01\/schwan_im_-morgengrauen-150x150.jpg 150w, https:\/\/www.kunstwerke-der-natur.de\/wp-content\/uploads\/2022\/01\/schwan_im_-morgengrauen-768x768.jpg 768w, https:\/\/www.kunstwerke-der-natur.de\/wp-content\/uploads\/2022\/01\/schwan_im_-morgengrauen-1536x1536.jpg 1536w, https:\/\/www.kunstwerke-der-natur.de\/wp-content\/uploads\/2022\/01\/schwan_im_-morgengrauen-2048x2048.jpg 2048w, https:\/\/www.kunstwerke-der-natur.de\/wp-content\/uploads\/2022\/01\/schwan_im_-morgengrauen-1568x1568.jpg 1568w\" sizes=\"(max-width: 1024px) 100vw, 1024px\" \/><\/a><figcaption class=\"wp-element-caption\">Schwan im Morgengrauen<\/figcaption><\/figure>\n<\/div>\n\n\n\n<div class=\"is-layout-flow wp-block-column\" style=\"flex-basis:33.34%\">\n<figure class=\"wp-block-image size-large\"><a href=\"http:\/\/www.kunstwerke-der-natur.de\/wp-content\/uploads\/2022\/01\/karde_mit_spinnennetz.jpg\"><img decoding=\"async\" loading=\"lazy\" width=\"1024\" height=\"1024\" src=\"http:\/\/www.kunstwerke-der-natur.de\/wp-content\/uploads\/2022\/01\/karde_mit_spinnennetz-1024x1024.jpg\" alt=\"\" class=\"wp-image-880\" srcset=\"https:\/\/www.kunstwerke-der-natur.de\/wp-content\/uploads\/2022\/01\/karde_mit_spinnennetz-1024x1024.jpg 1024w, https:\/\/www.kunstwerke-der-natur.de\/wp-content\/uploads\/2022\/01\/karde_mit_spinnennetz-300x300.jpg 300w, https:\/\/www.kunstwerke-der-natur.de\/wp-content\/uploads\/2022\/01\/karde_mit_spinnennetz-150x150.jpg 150w, https:\/\/www.kunstwerke-der-natur.de\/wp-content\/uploads\/2022\/01\/karde_mit_spinnennetz-768x768.jpg 768w, https:\/\/www.kunstwerke-der-natur.de\/wp-content\/uploads\/2022\/01\/karde_mit_spinnennetz-1536x1536.jpg 1536w, https:\/\/www.kunstwerke-der-natur.de\/wp-content\/uploads\/2022\/01\/karde_mit_spinnennetz-2048x2048.jpg 2048w, https:\/\/www.kunstwerke-der-natur.de\/wp-content\/uploads\/2022\/01\/karde_mit_spinnennetz-1568x1569.jpg 1568w\" sizes=\"(max-width: 1024px) 100vw, 1024px\" \/><\/a><figcaption class=\"wp-element-caption\">Karde mit Spinnennetz<\/figcaption><\/figure>\n<\/div>\n\n\n\n<div class=\"is-layout-flow wp-block-column\" style=\"flex-basis:33.33%\">\n<figure class=\"wp-block-image size-large\"><a href=\"http:\/\/www.kunstwerke-der-natur.de\/wp-content\/uploads\/2023\/01\/IMG_4500.jpg\"><img decoding=\"async\" loading=\"lazy\" width=\"1024\" height=\"1024\" src=\"http:\/\/www.kunstwerke-der-natur.de\/wp-content\/uploads\/2023\/01\/IMG_4500-1024x1024.jpg\" alt=\"\" class=\"wp-image-886\" srcset=\"https:\/\/www.kunstwerke-der-natur.de\/wp-content\/uploads\/2023\/01\/IMG_4500-1024x1024.jpg 1024w, https:\/\/www.kunstwerke-der-natur.de\/wp-content\/uploads\/2023\/01\/IMG_4500-300x300.jpg 300w, https:\/\/www.kunstwerke-der-natur.de\/wp-content\/uploads\/2023\/01\/IMG_4500-150x150.jpg 150w, https:\/\/www.kunstwerke-der-natur.de\/wp-content\/uploads\/2023\/01\/IMG_4500-768x768.jpg 768w, https:\/\/www.kunstwerke-der-natur.de\/wp-content\/uploads\/2023\/01\/IMG_4500-1536x1536.jpg 1536w, https:\/\/www.kunstwerke-der-natur.de\/wp-content\/uploads\/2023\/01\/IMG_4500-2048x2048.jpg 2048w, https:\/\/www.kunstwerke-der-natur.de\/wp-content\/uploads\/2023\/01\/IMG_4500-1568x1568.jpg 1568w\" sizes=\"(max-width: 1024px) 100vw, 1024px\" \/><\/a><figcaption class=\"wp-element-caption\">Baumgesicht<\/figcaption><\/figure>\n<\/div>\n<\/div>\n<\/div><\/div>\n\n\n\n<p>Mein Hauptaugenmerk gilt aber best\u00e4ndigen Objekten. Ich glaube sagen zu d\u00fcrfen, dass ich f\u00fcr besondere Steine und au\u00dfergew\u00f6hnlich geformte Gebilde aus Holz einen Blick habe.&nbsp;<br>Beim Entdecken bleibt es vielfach nicht, im Rahmen des M\u00f6glichen und Zul\u00e4ssigen trage ich die Fundst\u00fccke von meinen bzw. unseren zahlreichen Wanderungen mit nach Hause. (Bei gr\u00f6\u00dferen Holzelementen und insbesondere dann, wenn meine Motors\u00e4ge zum Einsatz kommen soll, wird selbstverst\u00e4ndlich vorher der zust\u00e4ndige F\u00f6rster gefragt.)<\/p>\n\n\n\n<div class=\"wp-block-media-text alignwide is-stacked-on-mobile is-vertically-aligned-bottom\" style=\"grid-template-columns:45% auto\"><figure class=\"wp-block-media-text__media\"><img decoding=\"async\" loading=\"lazy\" width=\"1024\" height=\"768\" src=\"http:\/\/kunstwerke-der-natur.de\/wp-content\/uploads\/2020\/01\/IMG_6236-1024x768.jpg\" alt=\"\" class=\"wp-image-172 size-full\" srcset=\"https:\/\/www.kunstwerke-der-natur.de\/wp-content\/uploads\/2020\/01\/IMG_6236-1024x768.jpg 1024w, https:\/\/www.kunstwerke-der-natur.de\/wp-content\/uploads\/2020\/01\/IMG_6236-300x225.jpg 300w, https:\/\/www.kunstwerke-der-natur.de\/wp-content\/uploads\/2020\/01\/IMG_6236-768x576.jpg 768w, https:\/\/www.kunstwerke-der-natur.de\/wp-content\/uploads\/2020\/01\/IMG_6236-1536x1152.jpg 1536w, https:\/\/www.kunstwerke-der-natur.de\/wp-content\/uploads\/2020\/01\/IMG_6236-2048x1536.jpg 2048w, https:\/\/www.kunstwerke-der-natur.de\/wp-content\/uploads\/2020\/01\/IMG_6236-960x720.jpg 960w\" sizes=\"(max-width: 1024px) 100vw, 1024px\" \/><\/figure><div class=\"wp-block-media-text__content\">\n<p>&nbsp;Die Sch\u00e4tze lasse ich erst einmal in einem offenen Schuppen liegen, nehme sie ab und an zur Hand und \u00fcberlege, wie ich sie am besten zur Geltung bringen kann.<\/p>\n<\/div><\/div>\n\n\n\n<p>Die Steine werden meist \u00fcberhaupt nicht oder nur wenig bearbeitet, allenfalls etwas angeschliffen oder auf eine Standfl\u00e4che aus Holz oder Eisen montiert. Letztere stellt ein Westerw\u00e4lder Schlosser f\u00fcr mich her.&nbsp;<\/p>\n\n\n\n<p>Den Holzteilen, wenn sie gr\u00fcndlich durchgetrocknet sind, versuche ich mitunter mit Hilfsmitteln wie S\u00e4ge, Stechbeitel, Raspel, Schleifpapier und \u00d6l noch mehr Ausdruck und eine besonders sch\u00f6ne Oberfl\u00e4che zu verleihen.<br>Ich verwende ausschlie\u00dflich farblose \u00d6le auf Pflanzen- und Naturharzbasis, die f\u00fcr Lebensmittel bzw. Spielzeug zugelassen sind.&nbsp;<\/p>\n\n\n\n<p>Soweit bei den Holzobjekten die Montage auf eine stabile Standfl\u00e4che erforderlich ist, findet meist eine unauff\u00e4llige Steinplatte Verwendung.<\/p>\n\n\n\n<div class=\"wp-block-media-text alignwide is-stacked-on-mobile is-vertically-aligned-bottom is-image-fill\" style=\"grid-template-columns:45% auto\"><figure class=\"wp-block-media-text__media\" style=\"background-image:url(http:\/\/kunstwerke-der-natur.de\/wp-content\/uploads\/2020\/01\/IMG_6103-scaled.jpg);background-position:63% 73%\"><img decoding=\"async\" loading=\"lazy\" width=\"1920\" height=\"2560\" src=\"http:\/\/kunstwerke-der-natur.de\/wp-content\/uploads\/2020\/01\/IMG_6103-scaled.jpg\" alt=\"\" class=\"wp-image-270 size-full\"\/><\/figure><div class=\"wp-block-media-text__content\">\n<p>Damit ich immer die passende Platte finde, habe ich mir einen kleinen Vorrat angelegt.<\/p>\n<\/div><\/div>\n\n\n\n<p><\/p>\n\n\n\n<p>Im Laufe der Jahre sind etliche Objekte zusammengekommen, von denen ich im Folgenden eine Auswahl vorstellen m\u00f6chte, beginnend mit den neuesten St\u00fccken.&nbsp;<\/p>\n\n\n\n<p>Sofern nichts anderes vermerkt ist, habe ich die Steine und H\u00f6lzer in meiner Wahlheimatregion Westerwald\/Lahn\/Taunus gefunden.<\/p>\n","protected":false},"excerpt":{"rendered":"<p>entdeckt und bearbeitet von Helmut Stadtfeld&nbsp;&nbsp;&nbsp;&nbsp;&nbsp; Mehr von mir bei Instagram und Facebook Kunst im engeren Sinne ist das Produkt menschlicher Kreativit\u00e4t.&nbsp;Wenngleich ich Kunstwerke aus Menschenhand durchaus zu sch\u00e4tzen wei\u00df, so ist doch die Natur in all ihren Facetten f\u00fcr mich die Gr\u00f6\u00dfte unter allen Kunstschaffenden. Ich bin oft und bei jedem Wetter drau\u00dfen und [&hellip;]<\/p>\n","protected":false},"author":1,"featured_media":0,"parent":0,"menu_order":0,"comment_status":"closed","ping_status":"open","template":"","meta":{"ngg_post_thumbnail":0},"_links":{"self":[{"href":"https:\/\/www.kunstwerke-der-natur.de\/index.php?rest_route=\/wp\/v2\/pages\/4"}],"collection":[{"href":"https:\/\/www.kunstwerke-der-natur.de\/index.php?rest_route=\/wp\/v2\/pages"}],"about":[{"href":"https:\/\/www.kunstwerke-der-natur.de\/index.php?rest_route=\/wp\/v2\/types\/page"}],"author":[{"embeddable":true,"href":"https:\/\/www.kunstwerke-der-natur.de\/index.php?rest_route=\/wp\/v2\/users\/1"}],"replies":[{"embeddable":true,"href":"https:\/\/www.kunstwerke-der-natur.de\/index.php?rest_route=%2Fwp%2Fv2%2Fcomments&post=4"}],"version-history":[{"count":38,"href":"https:\/\/www.kunstwerke-der-natur.de\/index.php?rest_route=\/wp\/v2\/pages\/4\/revisions"}],"predecessor-version":[{"id":1156,"href":"https:\/\/www.kunstwerke-der-natur.de\/index.php?rest_route=\/wp\/v2\/pages\/4\/revisions\/1156"}],"wp:attachment":[{"href":"https:\/\/www.kunstwerke-der-natur.de\/index.php?rest_route=%2Fwp%2Fv2%2Fmedia&parent=4"}],"curies":[{"name":"wp","href":"https:\/\/api.w.org\/{rel}","templated":true}]}}